{"id":110,"date":"2020-12-26T00:44:24","date_gmt":"2020-12-26T00:44:24","guid":{"rendered":"https:\/\/schmidt-systemisch.de\/?page_id=110"},"modified":"2024-07-22T13:43:36","modified_gmt":"2024-07-22T13:43:36","slug":"ueber-mich","status":"publish","type":"page","link":"https:\/\/schmidt-systemisch.de\/en\/ueber-mich\/","title":{"rendered":"\u00dcber mich"},"content":{"rendered":"<div class=\"wp-block-group\"><div class=\"wp-block-group__inner-container is-layout-flow wp-block-group-is-layout-flow\">\n<div class=\"wp-block-columns is-layout-flex wp-container-core-columns-is-layout-9d6595d7 wp-block-columns-is-layout-flex\">\n<div class=\"wp-block-column is-layout-flow wp-block-column-is-layout-flow\">\n<p style=\"font-size:18px\"><strong>Beruflich: <\/strong><\/p>\n\n\n\n<p style=\"font-size:15px\"><strong>Studium der Psychologie<\/strong> an den Universit\u00e4ten in Mannheim (Bachelor) und Halle an der Saale (Master), Praktikum u.a. in der Fachklinik f\u00fcr Dermatologie Schloss Friedensburg in Leutenberg<\/p>\n\n\n\n<p style=\"font-size:15px\">Auslandssemester zum Schreiben der Masterarbeit in Shanghai, China<\/p>\n\n\n\n<p style=\"font-size:15px\">T\u00e4tigkeiten in einer Unternehmensberatung, psychosomatischen Kliniken, der station\u00e4ren Jugendhilfe und als Schulsozialarbeiterin<\/p>\n\n\n\n<p style=\"font-size:15px\">Abgeschlossene Weiterbildung zur <strong>systemischen Beraterin<\/strong> bei ISYS Baden-W\u00fcrttemberg (DGSF-zertifiziert)<\/p>\n\n\n\n<p style=\"font-size:15px\">Selbstst\u00e4ndigkeit als Familienberaterin und Neurodermitis-Coach<\/p>\n\n\n\n<p style=\"font-size:15px\">Gr\u00fcndungsmitglied und Vorstand im <a href=\"http:\/\/www.ninv.de\" target=\"_blank\" rel=\"noreferrer noopener\"><strong>Netzwerk innovative Neurodermitis-Versorgung (NINV)<\/strong><\/a>, dort Zusammenarbeit mit \u00c4rzten, Therapeuten, Ern\u00e4hrungsberatern und ehemals betroffenen Eltern<\/p>\n\n\n\n<p><\/p>\n\n\n\n<p style=\"font-size:18px\"><strong>Privat: <\/strong><\/p>\n\n\n\n<p style=\"font-size:15px\">J\u00fcngstes Kind einer Patchworkfamilie mit mehreren \u00e4lteren Halbgeschwistern<\/p>\n\n\n\n<p style=\"font-size:15px\">Neurodermitis seit dem Baby-Alter, sp\u00e4ter auch Asthma und Allergien &#8211; heute extrem gebessert<\/p>\n\n\n\n<p style=\"font-size:15px\">Verheiratet, Mutter von zwei kleinen T\u00f6chtern.<\/p>\n\n\n\n<p><\/p>\n\n\n\n<p><\/p>\n\n\n\n<p><strong>Mehr n\u00fctzliche Informationen<\/strong> f\u00fcr alle mit Neurodermitis, Allergien oder anderen chronischen Erkrankungen: <\/p>\n\n\n\n<p style=\"font-size:15px\">auf <strong>Instagram: @heile_haut<\/strong><\/p>\n\n\n\n<p style=\"font-size:15px\">auf <strong>Facebook: Seite &#8222;HeileHaut&#8220;<\/strong><\/p>\n\n\n\n<p style=\"font-size:15px\">auf <strong>Youtube: Kanal &#8222;heile_haut&#8220;<\/strong><\/p>\n<\/div>\n\n\n\n<div class=\"wp-block-column is-layout-flow wp-block-column-is-layout-flow\"><div class=\"wp-block-image\">\n<figure class=\"alignright size-medium is-resized\"><img loading=\"lazy\" decoding=\"async\" width=\"253\" height=\"300\" src=\"https:\/\/schmidt-systemisch.de\/wp-content\/uploads\/2021\/01\/20201220_162746-scaled-e1610520975220-253x300.jpg\" alt=\"\" class=\"wp-image-199\" style=\"width:338px;height:400px\" srcset=\"https:\/\/schmidt-systemisch.de\/wp-content\/uploads\/2021\/01\/20201220_162746-scaled-e1610520975220-253x300.jpg 253w, https:\/\/schmidt-systemisch.de\/wp-content\/uploads\/2021\/01\/20201220_162746-scaled-e1610520975220-863x1024.jpg 863w, https:\/\/schmidt-systemisch.de\/wp-content\/uploads\/2021\/01\/20201220_162746-scaled-e1610520975220-768x911.jpg 768w, https:\/\/schmidt-systemisch.de\/wp-content\/uploads\/2021\/01\/20201220_162746-scaled-e1610520975220-1295x1536.jpg 1295w, https:\/\/schmidt-systemisch.de\/wp-content\/uploads\/2021\/01\/20201220_162746-scaled-e1610520975220-1726x2048.jpg 1726w, https:\/\/schmidt-systemisch.de\/wp-content\/uploads\/2021\/01\/20201220_162746-scaled-e1610520975220.jpg 1920w\" sizes=\"auto, (max-width: 253px) 100vw, 253px\" \/><\/figure>\n<\/div><\/div>\n<\/div>\n<\/div><\/div>\n\n\n\n<p><\/p>","protected":false},"excerpt":{"rendered":"<p>Beruflich: Studium der Psychologie an den Universit\u00e4ten in Mannheim (Bachelor) und Halle an der Saale (Master), Praktikum u.a. in der Fachklinik f\u00fcr Dermatologie Schloss Friedensburg in Leutenberg Auslandssemester zum Schreiben der Masterarbeit in Shanghai, China T\u00e4tigkeiten in einer Unternehmensberatung, psychosomatischen Kliniken, der station\u00e4ren Jugendhilfe und als Schulsozialarbeiterin Abgeschlossene Weiterbildung zur systemischen Beraterin bei ISYS Baden-W\u00fcrttemberg [&hellip;]<\/p>\n","protected":false},"author":1,"featured_media":199,"parent":0,"menu_order":3,"comment_status":"closed","ping_status":"closed","template":"","meta":{"footnotes":""},"class_list":["post-110","page","type-page","status-publish","has-post-thumbnail","hentry"],"_links":{"self":[{"href":"https:\/\/schmidt-systemisch.de\/en\/wp-json\/wp\/v2\/pages\/110","targetHints":{"allow":["GET"]}}],"collection":[{"href":"https:\/\/schmidt-systemisch.de\/en\/wp-json\/wp\/v2\/pages"}],"about":[{"href":"https:\/\/schmidt-systemisch.de\/en\/wp-json\/wp\/v2\/types\/page"}],"author":[{"embeddable":true,"href":"https:\/\/schmidt-systemisch.de\/en\/wp-json\/wp\/v2\/users\/1"}],"replies":[{"embeddable":true,"href":"https:\/\/schmidt-systemisch.de\/en\/wp-json\/wp\/v2\/comments?post=110"}],"version-history":[{"count":31,"href":"https:\/\/schmidt-systemisch.de\/en\/wp-json\/wp\/v2\/pages\/110\/revisions"}],"predecessor-version":[{"id":587,"href":"https:\/\/schmidt-systemisch.de\/en\/wp-json\/wp\/v2\/pages\/110\/revisions\/587"}],"wp:featuredmedia":[{"embeddable":true,"href":"https:\/\/schmidt-systemisch.de\/en\/wp-json\/wp\/v2\/media\/199"}],"wp:attachment":[{"href":"https:\/\/schmidt-systemisch.de\/en\/wp-json\/wp\/v2\/media?parent=110"}],"curies":[{"name":"wp","href":"https:\/\/api.w.org\/{rel}","templated":true}]}}