{"id":112,"date":"2020-12-26T00:47:22","date_gmt":"2020-12-26T00:47:22","guid":{"rendered":"https:\/\/schmidt-systemisch.de\/?page_id=112"},"modified":"2024-07-22T07:53:24","modified_gmt":"2024-07-22T07:53:24","slug":"methode","status":"publish","type":"page","link":"https:\/\/schmidt-systemisch.de\/en\/gesundheitsberatung\/neurodermitis-ok\/methode\/","title":{"rendered":"Methode"},"content":{"rendered":"<p>\u201e<em>Hautbild ist weiterhin stabil. Mag es gar nicht aussprechen. Mein Gesicht und Dekollet\u00e9 sahen lange nicht so gut aus. Ich probiere gerade ganz stark, Stress zu vermeiden und vor allem ganz schnell wieder abzubauen. Klappt gut. UND ACHTSAMKEIT! H\u00e4tte nie gedacht was das bewirken kann. Da hat mich \u00fcbrigens auch Annika @neurodermitis_ok drauf hingewiesen. Danke f\u00fcr den Ansto\u00df!<\/em>\u201c\u00a0Tabea F., Klientin und Ern\u00e4hrungsberaterin\u00a0 \u00a0<\/p>\n\n\n\n<p>Als Betroffene von schwerer Neurodermitis, deren Familie immer die Ursache hinter der Erkrankung herausfinden und bearbeiten wollte, habe ich in meinem Psychologiestudium jede Information, die damit irgendwie im Zusammenhang stand, aufgesogen und an mir selbst ausprobiert. Zum Beispiel Folgendes: <\/p>\n\n\n\n<ul class=\"wp-block-list\"><li>Unter Dauerstress funktioniert unser Immunsystem nicht mehr gut; macht entweder zu wenig (z.B. st\u00e4ndig Erk\u00e4ltungen) oder zu viel (Autoimmunerkrankungen wie z.B. Neurodermitis)<\/li><li>Bestimmte Gene werden abh\u00e4ngig von Umgebungsfaktoren an- und abgeschaltet (Epigenetik). So kann Neurodermitis nicht geheilt werden, Symptomfreiheit ist aber durchaus erreichbar. Die Krankheit tritt bei vielen Betroffenen nur in Situationen von Dauerstress (= Neurodermitis-Gen an) auf und heilt wieder aus, wenn wichtige Lebensprobleme gel\u00f6st wurden. <\/li><\/ul>\n\n\n\n<p>So habe ich tats\u00e4chlich den schlimmen Schub zu Beginn meines Studiums ohne Cortison und mit Stressreduktion innerhalb eines halben Jahres in den Griff bekommen. <\/p>\n\n\n\n<p>Besonders aufgehorcht habe ich dann sp\u00e4ter, als ich gelesen habe, dass ein Kind mit Neurodermitis oft ein Symptomtr\u00e4ger f\u00fcr ein generelles Problem in der Familie sein kann. Dass z.B. Eltern, die sich sonst eventuell getrennt h\u00e4tten, sich durch das gemeinsame K\u00fcmmern um das sich blutig kratzende Kind wieder zusammenraufen. Oder dass der starke Stress, der viel Streit in der Familie f\u00fcr ein Kind bedeutet, auf seiner Haut sichtbar wird. Oder oder oder&#8230; <\/p>\n\n\n\n<p>Wird jetzt einfach nur das Symptom behandelt durch Cremes\/Cortison\/Tacrolimus\/Dupixent\/Zinksalbe\/Antihistaminika usw. und nicht die Ursache behoben, dann wird die Haut wieder schlimmer werden, sobald das Medikament abgesetzt wird. Manchmal sogar schlimmer als vorher. Oder die Neurodermitis heilt trotz Medikamenten nicht vollst\u00e4ndig aus. Denn das haupturs\u00e4chliche Problem besteht weiterhin, Nebenwirkungen durch die Medikamente noch dazu!<\/p>\n\n\n\n<p>Auf Basis dieser Informationen und Erfahrungen habe ich ein psychologisches Beratungskonzept f\u00fcr Betroffene von Neurodermitis und deren Familien entwickelt, das ich immer wieder auch erfolgreich bei mir selbst anwende. In Grundz\u00fcgen beinhaltet das folgende Fragen:<\/p>\n\n\n\n<ul class=\"wp-block-list\"><li>In welchen Zeiten meines Lebens war ich schon mal symptomfrei?<\/li><li>Wann hat der aktuelle Schub angefangen, welche Belastungsfaktoren gibt es gerade in meinem Leben?<\/li><li>In welchen Situationen habe ich Juckreiz und kratze, in welchen Situationen nicht?<\/li><\/ul>\n\n\n\n<p>Die Antworten auf diese Fragen sind der erste Schritt hin zu Ver\u00e4nderungen, die zu Stressreduktion und dadurch auch zu einer besseren Hautsituation f\u00fchren.<\/p>\n\n\n\n<p>Dieser Weg ist nicht ganz so \u201eeinfach\u201c, wie eine Creme draufzumachen oder ein Allergen zu meiden, daf\u00fcr ist er langfristig wirksam und gleichzeitig f\u00fcr alle Beteiligten zufriedenstellender. Neurodermitis bleibt nicht Ihr Feind, sondern wird zu Ihrem Freund, der Sie auf zu viel Stress in Ihrem Leben aufmerksam macht und Ihnen dabei hilft, diesen abzubauen.<\/p>\n\n\n\n<p>Gerne begleite ich Sie ein St\u00fcck auf Ihrem ganz pers\u00f6nlichen Weg mit Ihrer Haut. <a href=\"https:\/\/schmidt-systemisch.de\/en\/termin\/terminvereinbarung\/\" data-type=\"page\" data-id=\"21\"><strong>Hier<\/strong> <\/a>k\u00f6nnen Sie direkt einen unverbindlichen Kennenlerntermin mit mir buchen. <\/p>","protected":false},"excerpt":{"rendered":"<p>\u201eHautbild ist weiterhin stabil. Mag es gar nicht aussprechen. Mein Gesicht und Dekollet\u00e9 sahen lange nicht so gut aus. Ich probiere gerade ganz stark, Stress zu vermeiden und vor allem ganz schnell wieder abzubauen. Klappt gut. UND ACHTSAMKEIT! H\u00e4tte nie gedacht was das bewirken kann. Da hat mich \u00fcbrigens auch Annika @neurodermitis_ok drauf hingewiesen. Danke [&hellip;]<\/p>\n","protected":false},"author":1,"featured_media":0,"parent":119,"menu_order":2,"comment_status":"closed","ping_status":"closed","template":"","meta":{"footnotes":""},"class_list":["post-112","page","type-page","status-publish","hentry"],"_links":{"self":[{"href":"https:\/\/schmidt-systemisch.de\/en\/wp-json\/wp\/v2\/pages\/112","targetHints":{"allow":["GET"]}}],"collection":[{"href":"https:\/\/schmidt-systemisch.de\/en\/wp-json\/wp\/v2\/pages"}],"about":[{"href":"https:\/\/schmidt-systemisch.de\/en\/wp-json\/wp\/v2\/types\/page"}],"author":[{"embeddable":true,"href":"https:\/\/schmidt-systemisch.de\/en\/wp-json\/wp\/v2\/users\/1"}],"replies":[{"embeddable":true,"href":"https:\/\/schmidt-systemisch.de\/en\/wp-json\/wp\/v2\/comments?post=112"}],"version-history":[{"count":16,"href":"https:\/\/schmidt-systemisch.de\/en\/wp-json\/wp\/v2\/pages\/112\/revisions"}],"predecessor-version":[{"id":485,"href":"https:\/\/schmidt-systemisch.de\/en\/wp-json\/wp\/v2\/pages\/112\/revisions\/485"}],"up":[{"embeddable":true,"href":"https:\/\/schmidt-systemisch.de\/en\/wp-json\/wp\/v2\/pages\/119"}],"wp:attachment":[{"href":"https:\/\/schmidt-systemisch.de\/en\/wp-json\/wp\/v2\/media?parent=112"}],"curies":[{"name":"wp","href":"https:\/\/api.w.org\/{rel}","templated":true}]}}