{"id":119,"date":"2021-01-06T13:26:35","date_gmt":"2021-01-06T13:26:35","guid":{"rendered":"https:\/\/schmidt-systemisch.de\/?page_id=119"},"modified":"2024-07-22T08:12:23","modified_gmt":"2024-07-22T08:12:23","slug":"neurodermitis-ok","status":"publish","type":"page","link":"https:\/\/schmidt-systemisch.de\/en\/gesundheitsberatung\/neurodermitis-ok\/","title":{"rendered":"Heile Haut"},"content":{"rendered":"<p><strong>Neurodermitis-Coaching<\/strong>: <strong>Heile deine Seele &#8211; heile deine Haut!<\/strong><\/p>\n\n\n\n<p class=\"has-text-align-center\">&#8222;<em>Die Intensivbegleitung durch dich war die beste Entscheidung, die ich je h\u00e4tte treffen k\u00f6nnen. Meine Haut und der Juckreiz sind nach einem Monat schon deutlich besser geworden, obwohl ich extra nicht auf meine Ern\u00e4hrung geachtet habe so wie sonst immer<\/em>&#8220; &#8211; Lena S., Klientin<\/p>\n\n\n\n<p><\/p>\n\n\n\n<p>Wer einen Hautausschlag bei sich feststellt, geht normalerweise zum Haus- oder Hautarzt. Der empfiehlt bei Neurodermitis im Allgemeinen verschiedene Cremes und\/oder sogar eine Therapie mit Cortisontabletten oder Antihistaminika, vielleicht wird noch ein Allergietest gemacht und Allergenkarenz empfohlen. Das Problem bei all diesen Ans\u00e4tzen ist, es wird nur das Symptom und nicht die Ursache behandelt:<\/p>\n\n\n\n<p>Allergien k\u00f6nnen sich h\u00e4ufig \u00e4ndern, oder sogar in einem Ausma\u00df entwickeln, dass ein Meiden des Allergens kaum noch m\u00f6glich ist. Cremes mit Cortison und Medikamente helfen kurzfristig, bringen aber Nebenwirkungen und m\u00fcssen daher \u00fcber kurz oder lang wieder abgesetzt werden. Wurde in der Zwischenzeit die Lebenssituation nicht verbessert und Stress reduziert, dann kommt der Ausschlag wieder, manchmal sogar schlimmer als vorher. Oder er geht erst gar nicht vollst\u00e4ndig weg. Oder wird sogar schlimmer, trotz Cortison &amp; Co! Dann stehen die Betroffenen da, verzweifeln an der Krankheit mit ihrem sehr hohen Leidensdruck und wissen nicht weiter.<\/p>\n\n\n\n<p>Besonders beim Corticosteroid-Entzug (&#8222;topical steroid withdrawal, TSW&#8220;) ist der psychologische Leidensdruck, der aus dem entstellten Aussehen und den massiven k\u00f6rperlichen Symptomen resultiert, besonders hoch. <\/p>\n\n\n\n<p>Jetzt braucht es kompetente psychologische Beratung, um herauszufinden, in welchen Lebenssituationen in der Vergangenheit Sch\u00fcbe waren, wann diese wieder ausgeheilt sind und in welchen Situationen aktuell der Juckreiz und die Kratzerei am schlimmsten sind. Auf dieser Basis kann die aktuelle Situation so ver\u00e4ndert werden, dass der Stress reduziert wird und die Haut wieder abheilen kann. Zun\u00e4chst ist es au\u00dferdem oft hilfreich, sich durch die Hautkrankheit nicht mehr so sehr vom eigenen Leben abhalten zu lassen.<\/p>\n\n\n\n<p><a href=\"https:\/\/schmidt-systemisch.de\/en\/neurodermitis-ok\/methode\/\" data-type=\"page\" data-id=\"112\"><strong>Hier<\/strong> <\/a>k\u00f6nnen Sie mehr \u00fcber meine Methode nachlesen.<\/p>\n\n\n\n<p><strong><a href=\"https:\/\/schmidt-systemisch.de\/en\/neurodermitis-ok\/online-kurse\/\" data-type=\"page\" data-id=\"459\">Hier<\/a><\/strong> gelangen Sie zu den von mir und meiner Kooperationspartnerin Dr. Melanie Grieb erstellten Online-Kursen zum Thema Neurodermitis und Entspannungsverfahren.<\/p>\n\n\n\n<p><a href=\"https:\/\/nala.care\/de\/neurodermitis-bibliothek\/\"><strong>Hier<\/strong><\/a> finden Sie die Videobibliothek der ganzheitlich orientierten Neurodermitis-Helfer-App NALA. Einige der Videos kommen von mir!<\/p>","protected":false},"excerpt":{"rendered":"<p>Neurodermitis-Coaching: Heile deine Seele &#8211; heile deine Haut! &#8222;Die Intensivbegleitung durch dich war die beste Entscheidung, die ich je h\u00e4tte treffen k\u00f6nnen. Meine Haut und der Juckreiz sind nach einem Monat schon deutlich besser geworden, obwohl ich extra nicht auf meine Ern\u00e4hrung geachtet habe so wie sonst immer&#8220; &#8211; Lena S., Klientin Wer einen Hautausschlag [&hellip;]<\/p>\n","protected":false},"author":1,"featured_media":0,"parent":571,"menu_order":2,"comment_status":"closed","ping_status":"closed","template":"","meta":{"footnotes":""},"class_list":["post-119","page","type-page","status-publish","hentry"],"_links":{"self":[{"href":"https:\/\/schmidt-systemisch.de\/en\/wp-json\/wp\/v2\/pages\/119","targetHints":{"allow":["GET"]}}],"collection":[{"href":"https:\/\/schmidt-systemisch.de\/en\/wp-json\/wp\/v2\/pages"}],"about":[{"href":"https:\/\/schmidt-systemisch.de\/en\/wp-json\/wp\/v2\/types\/page"}],"author":[{"embeddable":true,"href":"https:\/\/schmidt-systemisch.de\/en\/wp-json\/wp\/v2\/users\/1"}],"replies":[{"embeddable":true,"href":"https:\/\/schmidt-systemisch.de\/en\/wp-json\/wp\/v2\/comments?post=119"}],"version-history":[{"count":24,"href":"https:\/\/schmidt-systemisch.de\/en\/wp-json\/wp\/v2\/pages\/119\/revisions"}],"predecessor-version":[{"id":579,"href":"https:\/\/schmidt-systemisch.de\/en\/wp-json\/wp\/v2\/pages\/119\/revisions\/579"}],"up":[{"embeddable":true,"href":"https:\/\/schmidt-systemisch.de\/en\/wp-json\/wp\/v2\/pages\/571"}],"wp:attachment":[{"href":"https:\/\/schmidt-systemisch.de\/en\/wp-json\/wp\/v2\/media?parent=119"}],"curies":[{"name":"wp","href":"https:\/\/api.w.org\/{rel}","templated":true}]}}