{"id":165,"date":"2021-01-07T17:24:42","date_gmt":"2021-01-07T17:24:42","guid":{"rendered":"https:\/\/schmidt-systemisch.de\/?page_id=165"},"modified":"2024-07-22T08:00:36","modified_gmt":"2024-07-22T08:00:36","slug":"faq","status":"publish","type":"page","link":"https:\/\/schmidt-systemisch.de\/en\/gesundheitsberatung\/faq\/","title":{"rendered":"FAQ"},"content":{"rendered":"<p><strong>Ich wei\u00df nicht genau, ob ich Neurodermitis\/eine atopische Erkrankung habe. Muss ich erst zum Arzt gehen?<\/strong><\/p>\n\n\n\n<p class=\"has-small-font-size\">Das empfehle ich auf jeden Fall. Zudem bin ich ein Freund von \u201eso viel Cremes wie unbedingt n\u00f6tig, so wenig wie irgend m\u00f6glich\u201c. In jedem Fall sollte die Beratung bei mir zus\u00e4tzlich und begleitend zu einer \u00e4rztlichen Behandlung erfolgen, nicht alleine. <\/p>\n\n\n\n<p class=\"has-small-font-size\">Auf <a href=\"http:\/\/www.skindoc24.de\" data-type=\"URL\" data-id=\"www.skindoc24.de\">www.skindoc24.de<\/a> bekommt man zeitnah eine haut\u00e4rztliche Diagnose und Einsch\u00e4tzung, falls der n\u00e4chste verf\u00fcgbare Hautarzttermin zum Beispiel erst in ein paar Wochen oder gar Monaten ist.<\/p>","protected":false},"excerpt":{"rendered":"<p>Ich wei\u00df nicht genau, ob ich Neurodermitis\/eine atopische Erkrankung habe. Muss ich erst zum Arzt gehen? Das empfehle ich auf jeden Fall. Zudem bin ich ein Freund von \u201eso viel Cremes wie unbedingt n\u00f6tig, so wenig wie irgend m\u00f6glich\u201c. In jedem Fall sollte die Beratung bei mir zus\u00e4tzlich und begleitend zu einer \u00e4rztlichen Behandlung erfolgen, [&hellip;]<\/p>\n","protected":false},"author":1,"featured_media":0,"parent":571,"menu_order":5,"comment_status":"closed","ping_status":"closed","template":"","meta":{"footnotes":""},"class_list":["post-165","page","type-page","status-publish","hentry"],"_links":{"self":[{"href":"https:\/\/schmidt-systemisch.de\/en\/wp-json\/wp\/v2\/pages\/165","targetHints":{"allow":["GET"]}}],"collection":[{"href":"https:\/\/schmidt-systemisch.de\/en\/wp-json\/wp\/v2\/pages"}],"about":[{"href":"https:\/\/schmidt-systemisch.de\/en\/wp-json\/wp\/v2\/types\/page"}],"author":[{"embeddable":true,"href":"https:\/\/schmidt-systemisch.de\/en\/wp-json\/wp\/v2\/users\/1"}],"replies":[{"embeddable":true,"href":"https:\/\/schmidt-systemisch.de\/en\/wp-json\/wp\/v2\/comments?post=165"}],"version-history":[{"count":11,"href":"https:\/\/schmidt-systemisch.de\/en\/wp-json\/wp\/v2\/pages\/165\/revisions"}],"predecessor-version":[{"id":575,"href":"https:\/\/schmidt-systemisch.de\/en\/wp-json\/wp\/v2\/pages\/165\/revisions\/575"}],"up":[{"embeddable":true,"href":"https:\/\/schmidt-systemisch.de\/en\/wp-json\/wp\/v2\/pages\/571"}],"wp:attachment":[{"href":"https:\/\/schmidt-systemisch.de\/en\/wp-json\/wp\/v2\/media?parent=165"}],"curies":[{"name":"wp","href":"https:\/\/api.w.org\/{rel}","templated":true}]}}