{"id":357,"date":"2021-03-07T09:05:55","date_gmt":"2021-03-07T09:05:55","guid":{"rendered":"https:\/\/schmidt-systemisch.de\/?page_id=357"},"modified":"2024-07-22T07:56:10","modified_gmt":"2024-07-22T07:56:10","slug":"atopie-ok","status":"publish","type":"page","link":"https:\/\/schmidt-systemisch.de\/en\/gesundheitsberatung\/atopie-ok\/","title":{"rendered":"Allergiefrei"},"content":{"rendered":"<p class=\"has-text-align-center\">\u201e<em>Nach nur zwei Beratungsstunden hat Annika bei mir die Krankheitsursache gefunden. Seitdem haben sich meine Allergien stark verbessert.<\/em>\u201c <strong>Melanie G., Klientin<\/strong><\/p>\n\n\n\n<p><\/p>\n\n\n\n<p>Aktuelle Forschung zeigt, dass <strong>sensible Menschen <\/strong>eher zu atopischen Erkrankungen neigen. Dies sind <strong>Neurodermitis, Asthma, Allergien, Heuschnupfen und Nesselsucht (Urtikaria)<\/strong>. Im Buch &#8222;Der Allergie Code&#8220; beschreibt Dr. Peter Liffler die Hintergr\u00fcnde und Behandlungsmethoden genau. Kurz zusammengefasst:<\/p>\n\n\n\n<p>Atopische Erkrankungen sind eine \u00dcberreaktion des Immunsystems auf etwas, was eigentlich nicht gef\u00e4hrlich ist. Zum Beispiel Pollen, Tierhaare, bestimmte Nahrungsmittel, (Dauer)-Stress, Cremeinhaltsstoffe, Hausstaub, usw. Das Immunsystem greift dann die eigene Haut\/Atemwege\/Schleimh\u00e4ute an und verh\u00e4lt sich so, als ob es eine Krankheit bek\u00e4mpfen m\u00fcsste &#8211; obwohl da keine ist. <\/p>\n\n\n\n<p>Unbewusst haben wir einen gro\u00dfen Einfluss auf unser Immunsystem, und wenn wir &#8211; wie vielleicht vom Arzt empfohlen &#8211; sehr viele Dinge meiden, weil wir ja allergisch darauf sind, entwickeln wir eine gewisse Angst vor diesen Dingen. Mit Angst verh\u00e4lt es sich (leider) so, dass sie gr\u00f6\u00dfer wird, je mehr wir die Sache vermeiden, vor der wir Angst haben. Weil wir nicht die M\u00f6glichkeit haben, die Erfahrung zu machen, dass es nicht wirklich gef\u00e4hrlich ist. Dann w\u00fcrde n\u00e4mlich die Angst weniger werden. Und somit auch die Reaktion unseres Immunsystems. <\/p>\n\n\n\n<p>Ein Beispiel aus meiner eigenen Erfahrung: Ich bin nachgewiesenerma\u00dfen allergisch auf Katzenhaare. Meine Schwester hat Katzen. K\u00fcrzlich ist mir aufgefallen, dass ich nur dann mit Heuschnupfen-Symptomen reagiere, wenn ich gestresst bin w\u00e4hrend eines Besuches bei meiner Schwester. Bin ich ruhig, habe ich keine verstopfte Nase. W\u00fcrde ich sagen &#8222;ich komme nicht mehr zu Besuch, da sind Katzen&#8220;, k\u00f6nnte ich diese Erfahrung nicht machen. Und schade drum w\u00e4re es sowieso, weil ich sie dann nicht mehr besuchen k\u00f6nnte! <\/p>\n\n\n\n<p>Peter Liffler hat in seiner Klinik f\u00fcr schwer neurodermitiskranke Kinder und deren Familien sehr gute Behandlungsergebnisse durch Desensibilisierung, zur\u00fcckhaltende Behandlung der Haut und begleitende Psychotherapie\/Familientherapie\/systemische Beratung erzielt. Kinder, deren Haut zu Beginn zu 70 oder 80% von Neurodermitis betroffen war, konnten nach drei oder vier Wochen erscheinungsfrei entlassen werden. Unter anderem weil die Eltern sich im Rahmen der begleitenden Therapie mit den Hintergr\u00fcnden auseinandergesetzt hatten. Vielleicht z.B. bemerkt hatten, dass sie das Kratzverhalten dadurch verst\u00e4rkten, dass sie dem Kind alles gaben was es nur wollte, wenn es nur kratzte. Auch im Nachhinein blieben diese Erfolge bestehen. Oder die Familien kamen nach einer gewissen Zeit wieder, um es danach dann alleine zu schaffen. <\/p>\n\n\n\n<p>Wichtig scheint in jedem Fall zu sein, der <em>chronischen<\/em> Erkrankung nicht viel Raum zu geben. Zu verstehen, woher sie kommt. Und lieber den gesunden Anteilen mehr Raum zu geben. Wie das genau gehen kann, erz\u00e4hle ich Ihnen <a href=\"https:\/\/schmidt-systemisch.de\/en\/termin\/terminvereinbarung\/\" data-type=\"page\" data-id=\"21\"><strong>gerne pers\u00f6nlich. <\/strong><\/a><\/p>","protected":false},"excerpt":{"rendered":"<p>\u201eNach nur zwei Beratungsstunden hat Annika bei mir die Krankheitsursache gefunden. Seitdem haben sich meine Allergien stark verbessert.\u201c Melanie G., Klientin Aktuelle Forschung zeigt, dass sensible Menschen eher zu atopischen Erkrankungen neigen. Dies sind Neurodermitis, Asthma, Allergien, Heuschnupfen und Nesselsucht (Urtikaria). Im Buch &#8222;Der Allergie Code&#8220; beschreibt Dr. Peter Liffler die Hintergr\u00fcnde und Behandlungsmethoden genau. [&hellip;]<\/p>\n","protected":false},"author":1,"featured_media":0,"parent":571,"menu_order":3,"comment_status":"closed","ping_status":"closed","template":"","meta":{"footnotes":""},"class_list":["post-357","page","type-page","status-publish","hentry"],"_links":{"self":[{"href":"https:\/\/schmidt-systemisch.de\/en\/wp-json\/wp\/v2\/pages\/357","targetHints":{"allow":["GET"]}}],"collection":[{"href":"https:\/\/schmidt-systemisch.de\/en\/wp-json\/wp\/v2\/pages"}],"about":[{"href":"https:\/\/schmidt-systemisch.de\/en\/wp-json\/wp\/v2\/types\/page"}],"author":[{"embeddable":true,"href":"https:\/\/schmidt-systemisch.de\/en\/wp-json\/wp\/v2\/users\/1"}],"replies":[{"embeddable":true,"href":"https:\/\/schmidt-systemisch.de\/en\/wp-json\/wp\/v2\/comments?post=357"}],"version-history":[{"count":9,"href":"https:\/\/schmidt-systemisch.de\/en\/wp-json\/wp\/v2\/pages\/357\/revisions"}],"predecessor-version":[{"id":570,"href":"https:\/\/schmidt-systemisch.de\/en\/wp-json\/wp\/v2\/pages\/357\/revisions\/570"}],"up":[{"embeddable":true,"href":"https:\/\/schmidt-systemisch.de\/en\/wp-json\/wp\/v2\/pages\/571"}],"wp:attachment":[{"href":"https:\/\/schmidt-systemisch.de\/en\/wp-json\/wp\/v2\/media?parent=357"}],"curies":[{"name":"wp","href":"https:\/\/api.w.org\/{rel}","templated":true}]}}