{"id":387,"date":"2021-04-21T16:36:00","date_gmt":"2021-04-21T16:36:00","guid":{"rendered":"https:\/\/schmidt-systemisch.de\/?page_id=387"},"modified":"2021-05-04T06:45:20","modified_gmt":"2021-05-04T06:45:20","slug":"friedensstifterin","status":"publish","type":"page","link":"https:\/\/schmidt-systemisch.de\/en\/familienberatung\/friedensstifterin\/","title":{"rendered":"Friedensstifterin"},"content":{"rendered":"<p>Weniger Streit ist besser f\u00fcr alle! <\/p>\n\n\n\n<p>Ich bin besonders gut darin, sensibel jeden einzelnen Standpunkt der beteiligten Streitparteien in Gespr\u00e4chen nachzuvollziehen und dann allm\u00e4hlich Frieden zu stiften. Dabei hilfreich f\u00fcr mich sind Elemente aus Mediation, T\u00e4ter-Opfer-Ausgleich und gewaltfreier Kommunikation, ebenso wie eine Haltung von grunds\u00e4tzlicher Wertsch\u00e4tzung und Achtsamkeit allen Menschen gegen\u00fcber. <\/p>\n\n\n\n<p>Oftmals hilft es f\u00fcr den Prozess, die Beteiligten aufzustellen. So wie hier zum Beispiel: <\/p>\n\n\n\n<figure class=\"wp-block-gallery columns-1 is-cropped wp-block-gallery-1 is-layout-flex wp-block-gallery-is-layout-flex\"><ul class=\"blocks-gallery-grid\"><li class=\"blocks-gallery-item\"><figure><img loading=\"lazy\" decoding=\"async\" width=\"1024\" height=\"576\" src=\"https:\/\/schmidt-systemisch.de\/wp-content\/uploads\/2021\/01\/20210115_072856-1024x576.jpg\" alt=\"\" data-id=\"259\" data-full-url=\"https:\/\/schmidt-systemisch.de\/wp-content\/uploads\/2021\/01\/20210115_072856-scaled.jpg\" data-link=\"https:\/\/schmidt-systemisch.de\/20210115_072856\/\" class=\"wp-image-259\" srcset=\"https:\/\/schmidt-systemisch.de\/wp-content\/uploads\/2021\/01\/20210115_072856-1024x576.jpg 1024w, https:\/\/schmidt-systemisch.de\/wp-content\/uploads\/2021\/01\/20210115_072856-300x169.jpg 300w, https:\/\/schmidt-systemisch.de\/wp-content\/uploads\/2021\/01\/20210115_072856-768x432.jpg 768w, https:\/\/schmidt-systemisch.de\/wp-content\/uploads\/2021\/01\/20210115_072856-1536x864.jpg 1536w, https:\/\/schmidt-systemisch.de\/wp-content\/uploads\/2021\/01\/20210115_072856-2048x1152.jpg 2048w\" sizes=\"auto, (max-width: 1024px) 100vw, 1024px\" \/><\/figure><\/li><\/ul><\/figure>","protected":false},"excerpt":{"rendered":"<p>Weniger Streit ist besser f\u00fcr alle! Ich bin besonders gut darin, sensibel jeden einzelnen Standpunkt der beteiligten Streitparteien in Gespr\u00e4chen nachzuvollziehen und dann allm\u00e4hlich Frieden zu stiften. Dabei hilfreich f\u00fcr mich sind Elemente aus Mediation, T\u00e4ter-Opfer-Ausgleich und gewaltfreier Kommunikation, ebenso wie eine Haltung von grunds\u00e4tzlicher Wertsch\u00e4tzung und Achtsamkeit allen Menschen gegen\u00fcber. Oftmals hilft es f\u00fcr [&hellip;]<\/p>\n","protected":false},"author":1,"featured_media":0,"parent":396,"menu_order":1,"comment_status":"closed","ping_status":"closed","template":"","meta":{"footnotes":""},"class_list":["post-387","page","type-page","status-publish","hentry"],"_links":{"self":[{"href":"https:\/\/schmidt-systemisch.de\/en\/wp-json\/wp\/v2\/pages\/387","targetHints":{"allow":["GET"]}}],"collection":[{"href":"https:\/\/schmidt-systemisch.de\/en\/wp-json\/wp\/v2\/pages"}],"about":[{"href":"https:\/\/schmidt-systemisch.de\/en\/wp-json\/wp\/v2\/types\/page"}],"author":[{"embeddable":true,"href":"https:\/\/schmidt-systemisch.de\/en\/wp-json\/wp\/v2\/users\/1"}],"replies":[{"embeddable":true,"href":"https:\/\/schmidt-systemisch.de\/en\/wp-json\/wp\/v2\/comments?post=387"}],"version-history":[{"count":3,"href":"https:\/\/schmidt-systemisch.de\/en\/wp-json\/wp\/v2\/pages\/387\/revisions"}],"predecessor-version":[{"id":391,"href":"https:\/\/schmidt-systemisch.de\/en\/wp-json\/wp\/v2\/pages\/387\/revisions\/391"}],"up":[{"embeddable":true,"href":"https:\/\/schmidt-systemisch.de\/en\/wp-json\/wp\/v2\/pages\/396"}],"wp:attachment":[{"href":"https:\/\/schmidt-systemisch.de\/en\/wp-json\/wp\/v2\/media?parent=387"}],"curies":[{"name":"wp","href":"https:\/\/api.w.org\/{rel}","templated":true}]}}