{"id":396,"date":"2021-05-04T06:44:17","date_gmt":"2021-05-04T06:44:17","guid":{"rendered":"https:\/\/schmidt-systemisch.de\/?page_id=396"},"modified":"2024-07-22T07:54:39","modified_gmt":"2024-07-22T07:54:39","slug":"familienberatung","status":"publish","type":"page","link":"https:\/\/schmidt-systemisch.de\/en\/familienberatung\/","title":{"rendered":"Familien"},"content":{"rendered":"<p>In der Familie l\u00e4uft es gerade nicht so rund, wie Sie es sich w\u00fcnschen? Ich helfe gerne, engagiert und ma\u00dfgeschneidert auf Ihre pers\u00f6nliche Situation. Meine Spezialgebiete: <\/p>\n\n\n\n<ul class=\"wp-block-list\">\n<li>Atopische Erkrankungen (Neurodermitis, Asthma, Allergien, Heuschnupfen, Nesselsucht u.\u00e4.), siehe <a href=\"https:\/\/schmidt-systemisch.de\/en\/gesundheitsberatung\/\" data-type=\"page\" data-id=\"571\">hier<\/a> <\/li>\n\n\n\n<li>Hochstrittige Familien, siehe <a href=\"https:\/\/schmidt-systemisch.de\/en\/friedensstifterin\/\">Friedensstifterin<\/a><\/li>\n\n\n\n<li><a href=\"https:\/\/schmidt-systemisch.de\/en\/familienberatung\/essstoerungen\/\" data-type=\"page\" data-id=\"399\">Essst\u00f6rungen<\/a> (Anorexie, Bulimie u.\u00e4.)<\/li>\n\n\n\n<li><a href=\"https:\/\/schmidt-systemisch.de\/en\/familienberatung\/keine-empathie-und-reue\/\" data-type=\"page\" data-id=\"404\">Keine Empathie und Reue<\/a>\/ Richtung Psychopathie\/Narzissmus\/Sadismus bei jungen Menschen<\/li>\n\n\n\n<li><a href=\"https:\/\/schmidt-systemisch.de\/en\/familienberatung\/andere-kulturen\/\" data-type=\"page\" data-id=\"406\">Andere Kulturen<\/a>, Migranten<\/li>\n\n\n\n<li><a href=\"https:\/\/schmidt-systemisch.de\/en\/familienberatung\/traumata-missbrauch\/\" data-type=\"page\" data-id=\"409\">Traumata\/Missbrauch<\/a><\/li>\n\n\n\n<li><a href=\"https:\/\/schmidt-systemisch.de\/en\/familienberatung\/impulsivitaet\/\" data-type=\"page\" data-id=\"411\">Impulsive<\/a> junge Menschen (ADHS u. \u00e4.)<\/li>\n\n\n\n<li><a href=\"https:\/\/schmidt-systemisch.de\/en\/familienberatung\/schulprobleme\/\" data-type=\"page\" data-id=\"413\">Schulprobleme<\/a> bei jungen Menschen<\/li>\n<\/ul>","protected":false},"excerpt":{"rendered":"<p>In der Familie l\u00e4uft es gerade nicht so rund, wie Sie es sich w\u00fcnschen? Ich helfe gerne, engagiert und ma\u00dfgeschneidert auf Ihre pers\u00f6nliche Situation. Meine Spezialgebiete:<\/p>","protected":false},"author":1,"featured_media":0,"parent":0,"menu_order":3,"comment_status":"closed","ping_status":"closed","template":"","meta":{"footnotes":""},"class_list":["post-396","page","type-page","status-publish","hentry"],"_links":{"self":[{"href":"https:\/\/schmidt-systemisch.de\/en\/wp-json\/wp\/v2\/pages\/396","targetHints":{"allow":["GET"]}}],"collection":[{"href":"https:\/\/schmidt-systemisch.de\/en\/wp-json\/wp\/v2\/pages"}],"about":[{"href":"https:\/\/schmidt-systemisch.de\/en\/wp-json\/wp\/v2\/types\/page"}],"author":[{"embeddable":true,"href":"https:\/\/schmidt-systemisch.de\/en\/wp-json\/wp\/v2\/users\/1"}],"replies":[{"embeddable":true,"href":"https:\/\/schmidt-systemisch.de\/en\/wp-json\/wp\/v2\/comments?post=396"}],"version-history":[{"count":6,"href":"https:\/\/schmidt-systemisch.de\/en\/wp-json\/wp\/v2\/pages\/396\/revisions"}],"predecessor-version":[{"id":573,"href":"https:\/\/schmidt-systemisch.de\/en\/wp-json\/wp\/v2\/pages\/396\/revisions\/573"}],"wp:attachment":[{"href":"https:\/\/schmidt-systemisch.de\/en\/wp-json\/wp\/v2\/media?parent=396"}],"curies":[{"name":"wp","href":"https:\/\/api.w.org\/{rel}","templated":true}]}}