{"id":4,"date":"2020-12-25T09:07:04","date_gmt":"2020-12-25T09:07:04","guid":{"rendered":"http:\/\/schmidt-systemisch.de\/willkommen-auf-http-schmidt-systemisch-de\/"},"modified":"2026-01-05T12:11:36","modified_gmt":"2026-01-05T12:11:36","slug":"willkommen-auf-http-schmidt-systemisch-de","status":"publish","type":"page","link":"https:\/\/schmidt-systemisch.de\/en\/","title":{"rendered":"Annika Schmidt, Psychologin, Expertin f\u00fcr Familie und chronische Gesundheit \ud83c\udf40"},"content":{"rendered":"<p>Herzlich Willkommen! <\/p>\n\n\n\n<p>Ich biete psychologisch-systemische Beratung f\u00fcr Einzelpersonen und Familien an. Ob weltweit online, pers\u00f6nlich in meiner Praxis in Furtwangen oder auch bei Ihnen zu Hause in der Region Hochschwarzwald \u2013 bei mir sind Sie auf der Suche nach Beratung richtig.<\/p>\n\n\n\n<p><\/p>\n\n\n\n<p>Als studierte <strong>Psychologin (M. Sc.)<\/strong> und <strong>systemische Beraterin (DGSF)<\/strong> bin ich Ansprechpartnerin f\u00fcr Ihre aktuellen Sorgen und N\u00f6te. Denn: das Leben ist nicht immer einfach, aber es geht weiter und gemeinsam in Ruhe lassen sich f\u00fcr die allermeisten Probleme L\u00f6sungsans\u00e4tze finden.<\/p>\n\n\n\n<p>Besonders wichtig sind mir im Umgang mit meinen KlientInnen Offenheit und Transparenz. Au\u00dferdem gehe ich davon aus, dass alle Menschen gute Gr\u00fcnde f\u00fcr ihr Verhalten haben. Diese Gr\u00fcnde sowohl von sich selbst als auch von seinem Umfeld zu kennen oder kennenzulernen, ist oft der erste Schritt hin zu einer positiven Ver\u00e4nderung. <\/p>\n\n\n\n<p>Der systemische Blickwinkel bringt hierbei mit sich, Menschen nicht als allein agierende Individuen, sondern als eingebettet in ihr System zu betrachten. Entsprechend reicht es oft nicht, wenn es nur bei einer Einzelperson eine Ver\u00e4nderung gibt. Oft ist es auch n\u00fctzlich, andere Personen aus dem Umfeld des Klienten oder der Klientin mit einzubeziehen. <\/p>\n\n\n\n<p>Mithilfe des l\u00f6sungsorientierten Ansatzes bleibt der Beratungsprozess positiv und kann sogar begeisternd sein &#8211; gemeinsam machen wir aus Ihren \u201eSchw\u00e4chen\u201c  St\u00e4rken und nutzen sie zu Ihrem Vorteil. <\/p>\n\n\n\n<p>Ich bin pers\u00f6nlich ein gro\u00dfer Fan von gewaltfreier Kommunikation. Sie ist sehr hilfreich dabei, eigene Bed\u00fcrfnisse auszudr\u00fccken, ohne dass ein Vorwurf daraus wird. So ist es viel einfacher, Frieden zu schaffen, mit sich und dem eigenen Umfeld. <\/p>\n\n\n\n<p><\/p>\n\n\n\n<p>Sie m\u00f6chten mehr erfahren? Lesen Sie <strong><a href=\"https:\/\/schmidt-systemisch.de\/en\/willkommen-auf-http-schmidt-systemisch-de\/ueber-mich\/\" data-type=\"page\" data-id=\"110\">\u00fcber mich<\/a><\/strong>. <\/p>\n\n\n\n<p>In meinen <strong>Vortr\u00e4gen und Fortbildungen<\/strong> berichte ich mehr \u00fcber den Zusammenhang zwischen Sensibilit\u00e4t und atopischen Erkrankungen und den damit verbundenen Implikationen.<\/p>\n\n\n\n<p>Das f\u00fcr Sie passende Format ist nicht dabei, oder Sie haben Fragen, die Ihnen hier nicht beantwortet werden? Bitte z\u00f6gern Sie nicht, mich zu kontaktieren. Sehr gerne stehe ich Ihnen unter <em><strong><a href=\"mailto:annikaschmidt@schmidt-systemisch.de\">annikaschmidt@schmidt-systemisch.de<\/a><\/strong><\/em> zur Verf\u00fcgung.<\/p>\n\n\n\n<p>Herzliche Gr\u00fc\u00dfe!<\/p>\n\n\n\n<p>Annika Schmidt<\/p>","protected":false},"excerpt":{"rendered":"<p>Herzlich Willkommen! Ich biete psychologisch-systemische Beratung f\u00fcr Einzelpersonen und Familien an. Ob weltweit online, pers\u00f6nlich in meiner Praxis in Furtwangen oder auch bei Ihnen zu Hause in der Region Hochschwarzwald \u2013 bei mir sind Sie auf der Suche nach Beratung richtig. Als studierte Psychologin (M. Sc.) und systemische Beraterin (DGSF) bin ich Ansprechpartnerin f\u00fcr Ihre [&hellip;]<\/p>\n","protected":false},"author":1,"featured_media":0,"parent":0,"menu_order":0,"comment_status":"closed","ping_status":"closed","template":"","meta":{"footnotes":""},"class_list":["post-4","page","type-page","status-publish","hentry"],"_links":{"self":[{"href":"https:\/\/schmidt-systemisch.de\/en\/wp-json\/wp\/v2\/pages\/4","targetHints":{"allow":["GET"]}}],"collection":[{"href":"https:\/\/schmidt-systemisch.de\/en\/wp-json\/wp\/v2\/pages"}],"about":[{"href":"https:\/\/schmidt-systemisch.de\/en\/wp-json\/wp\/v2\/types\/page"}],"author":[{"embeddable":true,"href":"https:\/\/schmidt-systemisch.de\/en\/wp-json\/wp\/v2\/users\/1"}],"replies":[{"embeddable":true,"href":"https:\/\/schmidt-systemisch.de\/en\/wp-json\/wp\/v2\/comments?post=4"}],"version-history":[{"count":41,"href":"https:\/\/schmidt-systemisch.de\/en\/wp-json\/wp\/v2\/pages\/4\/revisions"}],"predecessor-version":[{"id":608,"href":"https:\/\/schmidt-systemisch.de\/en\/wp-json\/wp\/v2\/pages\/4\/revisions\/608"}],"wp:attachment":[{"href":"https:\/\/schmidt-systemisch.de\/en\/wp-json\/wp\/v2\/media?parent=4"}],"curies":[{"name":"wp","href":"https:\/\/api.w.org\/{rel}","templated":true}]}}