{"id":404,"date":"2021-05-04T07:09:03","date_gmt":"2021-05-04T07:09:03","guid":{"rendered":"https:\/\/schmidt-systemisch.de\/?page_id=404"},"modified":"2021-05-04T07:09:03","modified_gmt":"2021-05-04T07:09:03","slug":"keine-empathie-und-reue","status":"publish","type":"page","link":"https:\/\/schmidt-systemisch.de\/en\/familienberatung\/keine-empathie-und-reue\/","title":{"rendered":"Keine Empathie und Reue"},"content":{"rendered":"<p>Sie haben Angst vor Ihrem eigenen Kind? Es ist irgendwie nicht wie andere Kinder &#8211; Ihnen ist schon mal aufgefallen dass er oder sie gar nicht versteht, wie es anderen geht? Ihm oder ihr scheint es egal zu sein, wenn er\/sie etwas falsch gemacht hat? Ich helfe gerne, wenn es bei Ihrem Kind in Richtung Antisoziale Pers\u00f6nlichkeit\/Psychopathie\/Narzissmus\/Sadismus geht.  Selbstverst\u00e4ndlich stehe ich unter Schweigepflicht. <\/p>\n\n\n\n<p>F\u00fcr dieses Thema habe ich mich eine Zeit lang sehr interessiert und dar\u00fcber gelesen. Ich wollte wissen, wie Menschen dazu kommen, Serienm\u00f6rder zu werden oder Kinder sexuell zu missbrauchen. Die B\u00fccher von Mark und Lydia Benecke waren hierbei sehr hilfreich und besagen zum Beispiel, dass es diese Menschen sowohl im Gef\u00e4ngnis \u2013 lebenslang \u2013 als auch \u201edrau\u00dfen\u201c in der Gesellschaft gibt. Die, die nicht im Gef\u00e4ngnis sind, kennen und achten gewisse Grenzen. <\/p>\n\n\n\n<p>Die Kindheit und Jugend ist die Zeit, in der sich das entscheidet. In meiner Zeit in der station\u00e4ren Jugendhilfe habe ich praktisch gesehen, wie man solchen Kindern und Jugendlichen helfen kann; einerseits durch eine sehr klare und zeitnahe Begrenzung und andererseits durch ein positives Beziehungsangebot und die M\u00f6glichkeit, gute Erfahrungen mit sich selbst zu machen. Au\u00dferdem braucht es immer wieder ein Training der Empathie sowohl f\u00fcr die eigenen als auch die Gef\u00fchle anderer.<\/p>","protected":false},"excerpt":{"rendered":"<p>Sie haben Angst vor Ihrem eigenen Kind? Es ist irgendwie nicht wie andere Kinder &#8211; Ihnen ist schon mal aufgefallen dass er oder sie gar nicht versteht, wie es anderen geht? Ihm oder ihr scheint es egal zu sein, wenn er\/sie etwas falsch gemacht hat? Ich helfe gerne, wenn es bei Ihrem Kind in Richtung [&hellip;]<\/p>\n","protected":false},"author":1,"featured_media":0,"parent":396,"menu_order":3,"comment_status":"closed","ping_status":"closed","template":"","meta":{"footnotes":""},"class_list":["post-404","page","type-page","status-publish","hentry"],"_links":{"self":[{"href":"https:\/\/schmidt-systemisch.de\/en\/wp-json\/wp\/v2\/pages\/404","targetHints":{"allow":["GET"]}}],"collection":[{"href":"https:\/\/schmidt-systemisch.de\/en\/wp-json\/wp\/v2\/pages"}],"about":[{"href":"https:\/\/schmidt-systemisch.de\/en\/wp-json\/wp\/v2\/types\/page"}],"author":[{"embeddable":true,"href":"https:\/\/schmidt-systemisch.de\/en\/wp-json\/wp\/v2\/users\/1"}],"replies":[{"embeddable":true,"href":"https:\/\/schmidt-systemisch.de\/en\/wp-json\/wp\/v2\/comments?post=404"}],"version-history":[{"count":1,"href":"https:\/\/schmidt-systemisch.de\/en\/wp-json\/wp\/v2\/pages\/404\/revisions"}],"predecessor-version":[{"id":405,"href":"https:\/\/schmidt-systemisch.de\/en\/wp-json\/wp\/v2\/pages\/404\/revisions\/405"}],"up":[{"embeddable":true,"href":"https:\/\/schmidt-systemisch.de\/en\/wp-json\/wp\/v2\/pages\/396"}],"wp:attachment":[{"href":"https:\/\/schmidt-systemisch.de\/en\/wp-json\/wp\/v2\/media?parent=404"}],"curies":[{"name":"wp","href":"https:\/\/api.w.org\/{rel}","templated":true}]}}