{"id":406,"date":"2021-05-04T07:15:38","date_gmt":"2021-05-04T07:15:38","guid":{"rendered":"https:\/\/schmidt-systemisch.de\/?page_id=406"},"modified":"2021-05-04T07:16:21","modified_gmt":"2021-05-04T07:16:21","slug":"andere-kulturen","status":"publish","type":"page","link":"https:\/\/schmidt-systemisch.de\/en\/familienberatung\/andere-kulturen\/","title":{"rendered":"Andere Kulturen"},"content":{"rendered":"<p>Sie kommen aus einem anderen Land und verstehen erstmal nur &#8222;Bahnhof&#8220;? Ich helfe beim Ankommen und Eingew\u00f6hnen.<\/p>\n\n\n\n<p>Ich selbst spreche neben Deutsch auch noch flie\u00dfend Englisch, ein wenig Franz\u00f6sisch und Chinesisch. Durch mein Auslandssemester 2015 in China habe ich ein sehr gutes Verst\u00e4ndnis daf\u00fcr gewonnen, wie es ist pl\u00f6tzlich in einem ganz anderen Land zu sein, in einer ganz anderen Kultur. Zudem habe ich bei der AWO im Haus Regenbogen in Villingen eine Zeitlang junge Fl\u00fcchtlinge betreut. Geblieben ist davon auch ein gewisses Verst\u00e4ndnis f\u00fcr die rechtlichen Bedingungen, unter denen Migranten hier in Deutschland leben \u2013 ziemlich kompliziert! Mit dem n\u00f6tigen Fingerspitzengef\u00fchl hole ich Familien, die noch nicht lange in Deutschland sind, dort ab wo sie sind. Dann helfe ich beim Schaffen von Bedingungen, die f\u00fcr alle eine gute Zukunft erm\u00f6glichen.<\/p>","protected":false},"excerpt":{"rendered":"<p>Sie kommen aus einem anderen Land und verstehen erstmal nur &#8222;Bahnhof&#8220;? Ich helfe beim Ankommen und Eingew\u00f6hnen. Ich selbst spreche neben Deutsch auch noch flie\u00dfend Englisch, ein wenig Franz\u00f6sisch und Chinesisch. Durch mein Auslandssemester 2015 in China habe ich ein sehr gutes Verst\u00e4ndnis daf\u00fcr gewonnen, wie es ist pl\u00f6tzlich in einem ganz anderen Land zu [&hellip;]<\/p>\n","protected":false},"author":1,"featured_media":0,"parent":396,"menu_order":4,"comment_status":"closed","ping_status":"closed","template":"","meta":{"footnotes":""},"class_list":["post-406","page","type-page","status-publish","hentry"],"_links":{"self":[{"href":"https:\/\/schmidt-systemisch.de\/en\/wp-json\/wp\/v2\/pages\/406","targetHints":{"allow":["GET"]}}],"collection":[{"href":"https:\/\/schmidt-systemisch.de\/en\/wp-json\/wp\/v2\/pages"}],"about":[{"href":"https:\/\/schmidt-systemisch.de\/en\/wp-json\/wp\/v2\/types\/page"}],"author":[{"embeddable":true,"href":"https:\/\/schmidt-systemisch.de\/en\/wp-json\/wp\/v2\/users\/1"}],"replies":[{"embeddable":true,"href":"https:\/\/schmidt-systemisch.de\/en\/wp-json\/wp\/v2\/comments?post=406"}],"version-history":[{"count":2,"href":"https:\/\/schmidt-systemisch.de\/en\/wp-json\/wp\/v2\/pages\/406\/revisions"}],"predecessor-version":[{"id":408,"href":"https:\/\/schmidt-systemisch.de\/en\/wp-json\/wp\/v2\/pages\/406\/revisions\/408"}],"up":[{"embeddable":true,"href":"https:\/\/schmidt-systemisch.de\/en\/wp-json\/wp\/v2\/pages\/396"}],"wp:attachment":[{"href":"https:\/\/schmidt-systemisch.de\/en\/wp-json\/wp\/v2\/media?parent=406"}],"curies":[{"name":"wp","href":"https:\/\/api.w.org\/{rel}","templated":true}]}}