{"id":409,"date":"2021-05-04T07:21:45","date_gmt":"2021-05-04T07:21:45","guid":{"rendered":"https:\/\/schmidt-systemisch.de\/?page_id=409"},"modified":"2021-05-04T07:46:56","modified_gmt":"2021-05-04T07:46:56","slug":"traumata-missbrauch","status":"publish","type":"page","link":"https:\/\/schmidt-systemisch.de\/en\/familienberatung\/traumata-missbrauch\/","title":{"rendered":"Traumata\/Missbrauch"},"content":{"rendered":"<p>Ihr Kind oder Sie selbst haben etwas Schlimmes erlebt und haben Schwierigkeiten, es einzuordnen? Ich helfe gerne, qualifiziert und sensibel. <\/p>\n\n\n\n<p>Durch mein Studium, Erfahrungen in psychosomatischen Kliniken, der station\u00e4ren Jugendhilfe und Schulsozialarbeit, Fachbuchlekt\u00fcren und systemische Weiterbildung habe ich das entsprechende Fingerspitzengef\u00fchl, um sensibel mit Menschen mit schwieriger Vergangenheit umgehen zu k\u00f6nnen. Hierbei ist es zum Beispiel wichtig, bei Bedarf zun\u00e4chst daf\u00fcr zu sorgen, dass das Opfer nicht mehr in Kontakt mit dem T\u00e4ter ist. Danach erfolgt eine bestm\u00f6gliche Stabilisierung, um langfristig \u2013 im eigenen Tempo und immer in gutem Kontakt \u2013 eine Aufarbeitung zu leisten. Diesen Prozess begleite ich gerne an der Seite der Betroffenen.<\/p>","protected":false},"excerpt":{"rendered":"<p>Ihr Kind oder Sie selbst haben etwas Schlimmes erlebt und haben Schwierigkeiten, es einzuordnen? Ich helfe gerne, qualifiziert und sensibel. Durch mein Studium, Erfahrungen in psychosomatischen Kliniken, der station\u00e4ren Jugendhilfe und Schulsozialarbeit, Fachbuchlekt\u00fcren und systemische Weiterbildung habe ich das entsprechende Fingerspitzengef\u00fchl, um sensibel mit Menschen mit schwieriger Vergangenheit umgehen zu k\u00f6nnen. Hierbei ist es zum [&hellip;]<\/p>\n","protected":false},"author":1,"featured_media":0,"parent":396,"menu_order":5,"comment_status":"closed","ping_status":"closed","template":"","meta":{"footnotes":""},"class_list":["post-409","page","type-page","status-publish","hentry"],"_links":{"self":[{"href":"https:\/\/schmidt-systemisch.de\/en\/wp-json\/wp\/v2\/pages\/409","targetHints":{"allow":["GET"]}}],"collection":[{"href":"https:\/\/schmidt-systemisch.de\/en\/wp-json\/wp\/v2\/pages"}],"about":[{"href":"https:\/\/schmidt-systemisch.de\/en\/wp-json\/wp\/v2\/types\/page"}],"author":[{"embeddable":true,"href":"https:\/\/schmidt-systemisch.de\/en\/wp-json\/wp\/v2\/users\/1"}],"replies":[{"embeddable":true,"href":"https:\/\/schmidt-systemisch.de\/en\/wp-json\/wp\/v2\/comments?post=409"}],"version-history":[{"count":2,"href":"https:\/\/schmidt-systemisch.de\/en\/wp-json\/wp\/v2\/pages\/409\/revisions"}],"predecessor-version":[{"id":420,"href":"https:\/\/schmidt-systemisch.de\/en\/wp-json\/wp\/v2\/pages\/409\/revisions\/420"}],"up":[{"embeddable":true,"href":"https:\/\/schmidt-systemisch.de\/en\/wp-json\/wp\/v2\/pages\/396"}],"wp:attachment":[{"href":"https:\/\/schmidt-systemisch.de\/en\/wp-json\/wp\/v2\/media?parent=409"}],"curies":[{"name":"wp","href":"https:\/\/api.w.org\/{rel}","templated":true}]}}