{"id":411,"date":"2021-05-04T07:28:55","date_gmt":"2021-05-04T07:28:55","guid":{"rendered":"https:\/\/schmidt-systemisch.de\/?page_id=411"},"modified":"2021-05-04T07:28:55","modified_gmt":"2021-05-04T07:28:55","slug":"impulsivitaet","status":"publish","type":"page","link":"https:\/\/schmidt-systemisch.de\/en\/familienberatung\/impulsivitaet\/","title":{"rendered":"Impulsivit\u00e4t"},"content":{"rendered":"<p>Das Kind hat so viel Bewegungsdrang, man kann gar nicht so schnell gucken wie es schon wieder aufgestanden und etwas Neues angefangen hat? Hausaufgaben dauern ewig, weil die Konzentration schwer f\u00e4llt? Sie waren fr\u00fcher vielleicht selbst so oder so \u00e4hnlich? Ich helfe gerne bei ADHS und Co. <\/p>\n\n\n\n<p>In Braunschweig habe ich in einer Familiengruppe regelm\u00e4\u00dfig immer nachmittags auf ADHS-Kinder aufgepasst und die Elternrolle \u00fcbernommen, parallel liefen Familiengespr\u00e4che und R\u00fcckf\u00fchrungsprozesse, an denen ich jeweils beteiligt war. Aus dieser Zeit, sowie aus meinem Psychologiestudium, stammt haupts\u00e4chlich meine Expertise mit dieser Art von Kindern. Was ich sehr mag an ihnen: Sie sind das genaue Gegenteil von depressiv \u2013 leicht zu begeistern und sehr schnell in ihren Reaktionen. Geht man richtig mit ihnen um, wird so manches Methylphenidat-Medikament unn\u00f6tig. Dabei spielen haupts\u00e4chlich Klarheit, Belohnungssysteme, Beziehung und ein Selbst-ruhig-bleiben eine Rolle. Diesen richtigen Umgang zeige ich gerne Eltern bzw. Familienmitgliedern, die mit diesen Kindern leben &#8211; au\u00dferdem helfe ich beim Umgang mit Schule und Umfeld. <\/p>","protected":false},"excerpt":{"rendered":"<p>Das Kind hat so viel Bewegungsdrang, man kann gar nicht so schnell gucken wie es schon wieder aufgestanden und etwas Neues angefangen hat? Hausaufgaben dauern ewig, weil die Konzentration schwer f\u00e4llt? Sie waren fr\u00fcher vielleicht selbst so oder so \u00e4hnlich? Ich helfe gerne bei ADHS und Co. In Braunschweig habe ich in einer Familiengruppe regelm\u00e4\u00dfig [&hellip;]<\/p>\n","protected":false},"author":1,"featured_media":0,"parent":396,"menu_order":6,"comment_status":"closed","ping_status":"closed","template":"","meta":{"footnotes":""},"class_list":["post-411","page","type-page","status-publish","hentry"],"_links":{"self":[{"href":"https:\/\/schmidt-systemisch.de\/en\/wp-json\/wp\/v2\/pages\/411","targetHints":{"allow":["GET"]}}],"collection":[{"href":"https:\/\/schmidt-systemisch.de\/en\/wp-json\/wp\/v2\/pages"}],"about":[{"href":"https:\/\/schmidt-systemisch.de\/en\/wp-json\/wp\/v2\/types\/page"}],"author":[{"embeddable":true,"href":"https:\/\/schmidt-systemisch.de\/en\/wp-json\/wp\/v2\/users\/1"}],"replies":[{"embeddable":true,"href":"https:\/\/schmidt-systemisch.de\/en\/wp-json\/wp\/v2\/comments?post=411"}],"version-history":[{"count":1,"href":"https:\/\/schmidt-systemisch.de\/en\/wp-json\/wp\/v2\/pages\/411\/revisions"}],"predecessor-version":[{"id":412,"href":"https:\/\/schmidt-systemisch.de\/en\/wp-json\/wp\/v2\/pages\/411\/revisions\/412"}],"up":[{"embeddable":true,"href":"https:\/\/schmidt-systemisch.de\/en\/wp-json\/wp\/v2\/pages\/396"}],"wp:attachment":[{"href":"https:\/\/schmidt-systemisch.de\/en\/wp-json\/wp\/v2\/media?parent=411"}],"curies":[{"name":"wp","href":"https:\/\/api.w.org\/{rel}","templated":true}]}}