{"id":413,"date":"2021-05-04T07:37:05","date_gmt":"2021-05-04T07:37:05","guid":{"rendered":"https:\/\/schmidt-systemisch.de\/?page_id=413"},"modified":"2021-05-04T07:37:05","modified_gmt":"2021-05-04T07:37:05","slug":"schulprobleme","status":"publish","type":"page","link":"https:\/\/schmidt-systemisch.de\/en\/familienberatung\/schulprobleme\/","title":{"rendered":"Schulprobleme"},"content":{"rendered":"<p>Mit der Schule l\u00e4uft es irgendwie nicht rund? Das Kind will z.B. nicht mehr in die Schule oder Sie haben den Eindruck, es wird dort gemobbt oder bedroht? Ich helfe gerne. <\/p>\n\n\n\n<p>In meiner Zeit als Schulsozialarbeiterin waren solche Themen f\u00fcr mich Alltag. Die vielen beteiligten Menschen und die derzeitige Coronasituation machen es nicht gerade leichter. Erfahrungsgem\u00e4\u00df lassen sich trotzdem gute L\u00f6sungen auch f\u00fcr solche riesig erscheinenden Probleme finden. Ich arbeite gerne mit allen Beteiligten zusammen, um die Ursache zu finden und die Sache wieder in Ordnung zu bringen. <\/p>","protected":false},"excerpt":{"rendered":"<p>Mit der Schule l\u00e4uft es irgendwie nicht rund? Das Kind will z.B. nicht mehr in die Schule oder Sie haben den Eindruck, es wird dort gemobbt oder bedroht? Ich helfe gerne. In meiner Zeit als Schulsozialarbeiterin waren solche Themen f\u00fcr mich Alltag. Die vielen beteiligten Menschen und die derzeitige Coronasituation machen es nicht gerade leichter. [&hellip;]<\/p>\n","protected":false},"author":1,"featured_media":0,"parent":396,"menu_order":7,"comment_status":"closed","ping_status":"closed","template":"","meta":{"footnotes":""},"class_list":["post-413","page","type-page","status-publish","hentry"],"_links":{"self":[{"href":"https:\/\/schmidt-systemisch.de\/en\/wp-json\/wp\/v2\/pages\/413","targetHints":{"allow":["GET"]}}],"collection":[{"href":"https:\/\/schmidt-systemisch.de\/en\/wp-json\/wp\/v2\/pages"}],"about":[{"href":"https:\/\/schmidt-systemisch.de\/en\/wp-json\/wp\/v2\/types\/page"}],"author":[{"embeddable":true,"href":"https:\/\/schmidt-systemisch.de\/en\/wp-json\/wp\/v2\/users\/1"}],"replies":[{"embeddable":true,"href":"https:\/\/schmidt-systemisch.de\/en\/wp-json\/wp\/v2\/comments?post=413"}],"version-history":[{"count":1,"href":"https:\/\/schmidt-systemisch.de\/en\/wp-json\/wp\/v2\/pages\/413\/revisions"}],"predecessor-version":[{"id":414,"href":"https:\/\/schmidt-systemisch.de\/en\/wp-json\/wp\/v2\/pages\/413\/revisions\/414"}],"up":[{"embeddable":true,"href":"https:\/\/schmidt-systemisch.de\/en\/wp-json\/wp\/v2\/pages\/396"}],"wp:attachment":[{"href":"https:\/\/schmidt-systemisch.de\/en\/wp-json\/wp\/v2\/media?parent=413"}],"curies":[{"name":"wp","href":"https:\/\/api.w.org\/{rel}","templated":true}]}}