{"id":80,"date":"2020-12-25T20:27:09","date_gmt":"2020-12-25T20:27:09","guid":{"rendered":"https:\/\/schmidt-systemisch.de\/?page_id=80"},"modified":"2024-07-15T07:05:45","modified_gmt":"2024-07-15T07:05:45","slug":"ablauf-einer-beratung","status":"publish","type":"page","link":"https:\/\/schmidt-systemisch.de\/en\/termin\/ablauf-einer-beratung\/","title":{"rendered":"Ablauf"},"content":{"rendered":"<p><strong><a href=\"https:\/\/schmidt-systemisch.de\/en\/termin\/terminvereinbarung\/\" data-type=\"page\" data-id=\"21\">Hier <\/a><\/strong>k\u00f6nnen Sie mich kontaktieren &#8211; wir finden zusammen das passende Format und den richtigen Termin f\u00fcr Sie.<\/p>\n\n\n\n<p>Ich biete verschiedene Beratungskan\u00e4le: <\/p>\n\n\n\n<p><strong>Pers\u00f6nliche Beratung<\/strong><\/p>\n\n\n\n<ul class=\"wp-block-list\">\n<li><sub>Meine <strong>Praxis in Furtwangen<\/strong> in der Lindenstr. 1 steht als neutraler Raum mit allen M\u00f6glichkeiten der systemischen Arbeit zur Verf\u00fcgung.<\/sub> <\/li>\n\n\n\n<li><sub>Im Radius von 30 Minuten Autofahrt um Furtwangen herum kann ich auch <strong>pers\u00f6nlich zu Ihnen nach Hause<\/strong> kommen. Der Vorteil hierbei ist, dass ich Sie direkt in Ihrem pers\u00f6nlichen Umfeld kennenlernen kann. Meine Anfahrt ist dann im Preis inbegriffen. <\/sub><\/li>\n<\/ul>\n\n\n\n<p><strong>Onlineberatung<\/strong><\/p>\n\n\n\n<ul class=\"wp-block-list\">\n<li><sub><strong>Videokonferenz:<\/strong> Eine Videokonferenz ist fast so gut wie eine pers\u00f6nliche Beratung, der Vorteil dabei ist: niemand muss weg von zu Hause! Dadurch wird das Klima geschont und keine Krankheiten \u00fcbertragen, ganz zu schweigen von der Bequemlichkeit. Gerne k\u00f6nnen wir die <strong>Beratung per Videokonferenz<\/strong> durchf\u00fchren. Gegebenenfalls kann ich Ihnen zuvor telefonisch helfen, die Sache zu starten.<\/sub> <sub>Die kostenpflichtige Beratungszeit startet erst, wenn alles richtig funktioniert.<\/sub><\/li>\n<\/ul>\n\n\n\n<ul class=\"wp-block-list\">\n<li><sub><strong>E-Mail:<\/strong> Tagebuch schreiben ist erwiesenerma\u00dfen gut f\u00fcr die psychische Gesundheit, besonders wenn man versucht, \u00fcber die Dinge zu schreiben, die positiv waren. Schreiben verlangsamt das Denken und macht die Zusammenh\u00e4nge klarer. Daher biete ich auch <strong>Beratung per E-Mail<\/strong> an. Ich antworte immer innerhalb von 2-3 Tagen. <\/sub><\/li>\n<\/ul>\n\n\n\n<ul class=\"wp-block-list\">\n<li><sub><strong>Chat<\/strong>: Im Programm der Videokonferenz kann man auch <strong>chatten<\/strong>. Vielleicht ist Ihnen das lieber. Gerne k\u00f6nnen wir die Beratung auch so durchf\u00fchren. Daf\u00fcr braucht man weniger Internet-Bandbreite und wird so nicht durch einen wom\u00f6glichen Ausfall der Technik gest\u00f6rt. <\/sub><\/li>\n<\/ul>\n\n\n\n<ul class=\"wp-block-list\">\n<li><sub><strong>Sprachnachricht<\/strong>: Mit der Diktierger\u00e4t-Funktion des Handys lassen sich <strong>Sprachnachrichten <\/strong>aufnehmen und per E-Mail verschicken. So sprechen Sie, wenn Sie Zeit haben und ich antworte, wenn ich Zeit habe. Immer jedoch innerhalb von 2-3 Tagen. <\/sub><\/li>\n<\/ul>\n\n\n\n<p><strong>Beratung per Brief<\/strong><\/p>\n\n\n\n<ul class=\"wp-block-list\">\n<li><sub>\u201ePapier ist geduldig\u201c, das gilt nat\u00fcrlich auch in Zeiten des Internets. F\u00fcr alle, die z.B. lieber mit der Hand schreiben, biete ich <strong>Beratung per Brief<\/strong> an. Ich schicke immer innerhalb von 2-3 Tagen eine Antwort. Naturgem\u00e4\u00df dauert die \u00dcbermittlung etwas l\u00e4nger. Meine Portokosten sind dann im Preis inklusive. <\/sub><\/li>\n<\/ul>\n\n\n\n<p><strong>Telefonische Beratung<\/strong><\/p>\n\n\n\n<ul class=\"wp-block-list\">\n<li><sub>Falls Ihnen eine Videokonferenz zu kompliziert ist, oder falls Ihre Internetverbindung daf\u00fcr nicht stabil genug ist, k\u00f6nnen wir gerne auch <strong>telefonieren<\/strong>. <\/sub><\/li>\n<\/ul>\n\n\n\n<p><\/p>","protected":false},"excerpt":{"rendered":"<p>Hier k\u00f6nnen Sie mich kontaktieren &#8211; wir finden zusammen das passende Format und den richtigen Termin f\u00fcr Sie. Ich biete verschiedene Beratungskan\u00e4le: Pers\u00f6nliche Beratung Onlineberatung Beratung per Brief Telefonische Beratung<\/p>","protected":false},"author":1,"featured_media":0,"parent":86,"menu_order":1,"comment_status":"closed","ping_status":"closed","template":"","meta":{"footnotes":""},"class_list":["post-80","page","type-page","status-publish","hentry"],"_links":{"self":[{"href":"https:\/\/schmidt-systemisch.de\/en\/wp-json\/wp\/v2\/pages\/80","targetHints":{"allow":["GET"]}}],"collection":[{"href":"https:\/\/schmidt-systemisch.de\/en\/wp-json\/wp\/v2\/pages"}],"about":[{"href":"https:\/\/schmidt-systemisch.de\/en\/wp-json\/wp\/v2\/types\/page"}],"author":[{"embeddable":true,"href":"https:\/\/schmidt-systemisch.de\/en\/wp-json\/wp\/v2\/users\/1"}],"replies":[{"embeddable":true,"href":"https:\/\/schmidt-systemisch.de\/en\/wp-json\/wp\/v2\/comments?post=80"}],"version-history":[{"count":15,"href":"https:\/\/schmidt-systemisch.de\/en\/wp-json\/wp\/v2\/pages\/80\/revisions"}],"predecessor-version":[{"id":550,"href":"https:\/\/schmidt-systemisch.de\/en\/wp-json\/wp\/v2\/pages\/80\/revisions\/550"}],"up":[{"embeddable":true,"href":"https:\/\/schmidt-systemisch.de\/en\/wp-json\/wp\/v2\/pages\/86"}],"wp:attachment":[{"href":"https:\/\/schmidt-systemisch.de\/en\/wp-json\/wp\/v2\/media?parent=80"}],"curies":[{"name":"wp","href":"https:\/\/api.w.org\/{rel}","templated":true}]}}